{"id":3,"date":"2020-10-18T11:57:16","date_gmt":"2020-10-18T09:57:16","guid":{"rendered":"http:\/\/www.ralfdick.de\/?page_id=3"},"modified":"2021-12-23T14:05:19","modified_gmt":"2021-12-23T12:05:19","slug":"profil","status":"publish","type":"page","link":"https:\/\/www.ralfdick.de\/?page_id=3","title":{"rendered":"Profil"},"content":{"rendered":"\n<figure class=\"wp-block-image\"><img alt=\"\"\/><\/figure>\n\n\n<h3><b>Kernkompetenzen<\/b><\/h3>\n<ul>\n<li>Agile Vorgehensmodelle (Scrum, Kanban)<\/li>\n<li>Agile Softwareentwicklung und Projektmanagement (Product Owner \/ Scrum Master)<\/li>\n<li>Agile Skalierung \/ Frameworks (LeSS, SAFe, Scrum@Scale)<\/li>\n<li>Flight Levels<\/li>\n<li>Lean, Design Thinking, Business Agility<\/li>\n<li>Agile Leadership, Responsibility Process<\/li>\n<li>Liberating Structures<\/li>\n<li>Requirements Analyse\/Engineering\/Management<\/li>\n<li>Technische Business Analyse und Projektleitung<\/li>\n<li>Ausgezeichnete Soft-Skills (Coaching Erfahrung)<\/li>\n<li>Ausgezeichnete analytische F\u00e4higkeiten<\/li>\n<li>Mehrj\u00e4hrige Erfahrung in Gro\u00dfprojekten sowie Arbeiten in internationalen Teams<\/li>\n<li>Mehrj\u00e4hrige Erfahrung im Banking\/Finanzsektor<\/li>\n<li>Mehrj\u00e4hrige Erfahrung im Bereich \u00d6ffentliche Verwaltung \/ Beh\u00f6rden<\/li>\n<li>Mehrj\u00e4hrige Erfahrung im Bereich Automotive<\/li>\n<\/ul>\n<p>\u00a0<\/p>\n<p>\u00a0<\/p>\n<h3>Publikationen<\/h3>\n<p>Buchbeitrag &#8222;<a href=\"https:\/\/www.digital-project-practice.com\/scaling-agile\/\">Scaling Agile<\/a>&#8220; in <a href=\"http:\/\/www.digital-project-practice.com\">Digital Project Practice &#8211; Managing Innovation and Change<\/a> (Hamburg 2020)<\/p>\n<h3>Formale<strong> Qualifikationen<\/strong><\/h3>\n<ul>\n<li>Flight Levels Flow Design<\/li>\n<li>Flight Levels Introduction<\/li>\n<li>Certified Agile Leadership I<\/li>\n<li>Certified Scrum Product Owner (CSPO)<\/li>\n<li>Certified Scrum Master (CSM)<\/li>\n<li>Certified SAFe\u00ae 5 Program Consultant (SPC)<\/li>\n<li>Certified SAFe\u00ae 5 Agilist<\/li>\n<li>Certified SAFe\u00ae 4 Agilist<\/li>\n<li>Certified Professional for Requirements Engineering (CPRE-F)<\/li>\n<\/ul>\n<p>Geisteswissenschaftliches Studium Universit\u00e4t Hannover<br \/><span style=\"font-size: 1rem;\">(Abschluss: Magister Artium M.A)<\/span><\/p>\n<h3>\u00a0<\/h3>\n\n\n<figure class=\"wp-container-2 wp-block-gallery-1 wp-block-gallery columns-3 is-cropped\"><ul class=\"blocks-gallery-grid\"><li class=\"blocks-gallery-item\"><figure><img loading=\"lazy\" width=\"144\" height=\"144\" src=\"https:\/\/www.ralfdick.de\/wp-content\/uploads\/2015\/05\/Seal-2013-CSM-144x144.png\" alt=\"\" data-id=\"100\" data-full-url=\"https:\/\/www.ralfdick.de\/wp-content\/uploads\/2015\/05\/Seal-2013-CSM-144x144.png\" data-link=\"https:\/\/www.ralfdick.de\/?attachment_id=100\" class=\"wp-image-100\"\/><\/figure><\/li><li class=\"blocks-gallery-item\"><figure><img loading=\"lazy\" width=\"144\" height=\"144\" src=\"https:\/\/www.ralfdick.de\/wp-content\/uploads\/2015\/05\/Seal-2013-CSPO144x144.png\" alt=\"\" data-id=\"101\" data-full-url=\"https:\/\/www.ralfdick.de\/wp-content\/uploads\/2015\/05\/Seal-2013-CSPO144x144.png\" data-link=\"https:\/\/www.ralfdick.de\/?attachment_id=101\" class=\"wp-image-101\"\/><\/figure><\/li><li class=\"blocks-gallery-item\"><figure><img src=\"https:\/\/www.ralfdick.de\/wp-content\/uploads\/2009\/07\/seal-cal1.png\" alt=\"\" data-id=\"154\" data-full-url=\"https:\/\/www.ralfdick.de\/wp-content\/uploads\/2009\/07\/seal-cal1.png\" data-link=\"https:\/\/www.ralfdick.de\/?attachment_id=154\" class=\"wp-image-154\"\/><\/figure><\/li><\/ul><\/figure>\n\n\n\n<figure class=\"wp-container-4 wp-block-gallery-3 wp-block-gallery columns-3 is-cropped\"><ul class=\"blocks-gallery-grid\"><li class=\"blocks-gallery-item\"><figure><img loading=\"lazy\" width=\"626\" height=\"626\" src=\"https:\/\/www.ralfdick.de\/wp-content\/uploads\/2020\/10\/cert_mark_SPC_small_150px.png\" alt=\"\" data-id=\"202\" data-full-url=\"https:\/\/www.ralfdick.de\/wp-content\/uploads\/2020\/10\/cert_mark_SPC_small_150px.png\" data-link=\"https:\/\/www.ralfdick.de\/?attachment_id=202\" class=\"wp-image-202\"\/><\/figure><\/li><li class=\"blocks-gallery-item\"><figure><img loading=\"lazy\" width=\"150\" height=\"150\" src=\"https:\/\/www.ralfdick.de\/wp-content\/uploads\/2020\/05\/cert_mark_SA_small_150px-150x150.png\" alt=\"\" data-id=\"161\" data-full-url=\"https:\/\/www.ralfdick.de\/wp-content\/uploads\/2020\/05\/cert_mark_SA_small_150px-e1588501246347.png\" data-link=\"https:\/\/www.ralfdick.de\/?attachment_id=161\" class=\"wp-image-161\"\/><\/figure><\/li><li class=\"blocks-gallery-item\"><figure><img loading=\"lazy\" width=\"150\" height=\"150\" src=\"https:\/\/www.ralfdick.de\/wp-content\/uploads\/2009\/07\/cert_mark_SA_small_150px.png\" alt=\"\" data-id=\"144\" data-full-url=\"https:\/\/www.ralfdick.de\/wp-content\/uploads\/2009\/07\/cert_mark_SA_small_150px.png\" data-link=\"https:\/\/www.ralfdick.de\/?attachment_id=144\" class=\"wp-image-144\"\/><\/figure><\/li><\/ul><\/figure>\n\n\n\n<figure class=\"wp-block-image size-large\"><img loading=\"lazy\" width=\"150\" height=\"250\" src=\"https:\/\/www.ralfdick.de\/wp-content\/uploads\/2015\/05\/cpre.png\" alt=\"\" class=\"wp-image-102\"\/><\/figure>\n","protected":false},"excerpt":{"rendered":"<p>Kernkompetenzen Agile Vorgehensmodelle (Scrum, Kanban) Agile Softwareentwicklung und Projektmanagement (Product Owner \/ Scrum Master) Agile Skalierung \/ Frameworks (LeSS, SAFe, Scrum@Scale) Flight Levels Lean, Design Thinking, Business Agility Agile Leadership, Responsibility Process Liberating Structures Requirements Analyse\/Engineering\/Management Technische Business Analyse und Projektleitung Ausgezeichnete Soft-Skills (Coaching Erfahrung) Ausgezeichnete analytische F\u00e4higkeiten Mehrj\u00e4hrige Erfahrung in Gro\u00dfprojekten sowie Arbeiten in [&hellip;]<\/p>\n","protected":false},"author":1,"featured_media":0,"parent":0,"menu_order":0,"comment_status":"closed","ping_status":"closed","template":"","meta":{"_monsterinsights_skip_tracking":false,"_monsterinsights_sitenote_active":false,"_monsterinsights_sitenote_note":"","_monsterinsights_sitenote_category":0},"aioseo_notices":[],"_links":{"self":[{"href":"https:\/\/www.ralfdick.de\/index.php?rest_route=\/wp\/v2\/pages\/3"}],"collection":[{"href":"https:\/\/www.ralfdick.de\/index.php?rest_route=\/wp\/v2\/pages"}],"about":[{"href":"https:\/\/www.ralfdick.de\/index.php?rest_route=\/wp\/v2\/types\/page"}],"author":[{"embeddable":true,"href":"https:\/\/www.ralfdick.de\/index.php?rest_route=\/wp\/v2\/users\/1"}],"replies":[{"embeddable":true,"href":"https:\/\/www.ralfdick.de\/index.php?rest_route=%2Fwp%2Fv2%2Fcomments&post=3"}],"version-history":[{"count":36,"href":"https:\/\/www.ralfdick.de\/index.php?rest_route=\/wp\/v2\/pages\/3\/revisions"}],"predecessor-version":[{"id":209,"href":"https:\/\/www.ralfdick.de\/index.php?rest_route=\/wp\/v2\/pages\/3\/revisions\/209"}],"wp:attachment":[{"href":"https:\/\/www.ralfdick.de\/index.php?rest_route=%2Fwp%2Fv2%2Fmedia&parent=3"}],"curies":[{"name":"wp","href":"https:\/\/api.w.org\/{rel}","templated":true}]}}